{"id":7100,"date":"2025-06-17T22:46:20","date_gmt":"2025-06-17T22:46:20","guid":{"rendered":"https:\/\/enterijer.izradawebstranica.rs\/?page_id=7100"},"modified":"2026-04-07T08:55:33","modified_gmt":"2026-04-07T08:55:33","slug":"blog","status":"publish","type":"page","link":"https:\/\/ej-group.com\/it\/blog\/","title":{"rendered":"Blog"},"content":{"rendered":"<div data-elementor-type=\"wp-page\" data-elementor-id=\"7100\" class=\"elementor elementor-7100\">\n\t\t\t\t<div class=\"elementor-element elementor-element-f96fe35 e-con-full e-flex elementor-invisible e-con e-parent\" data-id=\"f96fe35\" data-element_type=\"container\" data-e-type=\"container\" data-settings=\"{&quot;background_background&quot;:&quot;classic&quot;,&quot;animation&quot;:&quot;fadeInUp&quot;}\">\n\t\t \t\t<div class=\"elementor-element elementor-element-56d56f8 subtitle-position-above elementor-align-center elementor-widget__width-initial elementor-invisible elementor-widget elementor-widget-interanio-heading\" data-id=\"56d56f8\" data-element_type=\"widget\" data-e-type=\"widget\" data-settings=\"{&quot;_animation&quot;:&quot;fadeInLeft&quot;}\" data-widget_type=\"interanio-heading.default\">\n\t\t\t\t<div class=\"elementor-widget-container\">\n\t\t\t\t\t<div class=\"elementor-heading-wrapper-inner\"><div class=\"elementor-sub-title\"><span>blog<\/span><\/div><\/div>\t\t\t\t<\/div>\n\t\t\t\t<\/div>\n\t\t\t\t<div class=\"elementor-element elementor-element-1a31c36 subtitle-position-above elementor-align-center elementor-widget__width-initial elementor-mobile-align-center elementor-invisible elementor-widget elementor-widget-interanio-heading\" data-id=\"1a31c36\" data-element_type=\"widget\" data-e-type=\"widget\" data-settings=\"{&quot;_animation&quot;:&quot;fadeInLeft&quot;}\" data-widget_type=\"interanio-heading.default\">\n\t\t\t\t<div class=\"elementor-widget-container\">\n\t\t\t\t\t<div class=\"elementor-heading-wrapper-inner\"><h2 class=\"elementor-heading-title elementor-size-default\">Scopri qui le ultime novit\u00e0 del nostro blog<\/h2><\/div>\t\t\t\t<\/div>\n\t\t\t\t<\/div>\n\t\t\t\t<\/div>\n\t\t<div class=\"elementor-element elementor-element-977b8cf e-con-full e-flex e-con e-parent\" data-id=\"977b8cf\" data-element_type=\"container\" data-e-type=\"container\" data-settings=\"{&quot;animation&quot;:&quot;none&quot;}\">\n\t\t\t\t<div class=\"elementor-element elementor-element-16e2b35 elementor-grid-eael-col-2 elementor-grid-tablet-eael-col-2 elementor-grid-mobile-eael-col-1 elementor-widget elementor-widget-eael-post-grid\" data-id=\"16e2b35\" data-element_type=\"widget\" data-e-type=\"widget\" data-settings=\"{&quot;eael_post_grid_columns&quot;:&quot;eael-col-2&quot;,&quot;eael_post_grid_columns_tablet&quot;:&quot;eael-col-2&quot;,&quot;eael_post_grid_columns_mobile&quot;:&quot;eael-col-1&quot;}\" data-widget_type=\"eael-post-grid.default\">\n\t\t\t\t<div class=\"elementor-widget-container\">\n\t\t\t\t\t<div id=\"eael-post-grid-16e2b35\" class=\"eael-post-grid-container\">\n            <div class=\"eael-post-grid eael-post-appender eael-post-appender-16e2b35 eael-post-grid-style-two\" data-layout-mode=\"masonry\"><article class=\"eael-grid-post  eael-post-grid-column eael-pg-post-12839 category-ej-proizvodnja\" data-id=\"12839\">\n    <div class=\"eael-grid-post-holder\">\n        <div class=\"eael-grid-post-holder-inner\"><div class=\"eael-entry-media\"><div class=\"eael-entry-overlay fade-in\"><i class=\"fas fa-long-arrow-alt-right\" aria-hidden=\"true\"><\/i><a href=\"https:\/\/ej-group.com\/it\/blog\/prakticno-znanje-proizvodnja-enterijer-jankovic\/\"><\/a><\/div><div class=\"eael-entry-thumbnail eael-image-ratio\">\n                            <img fetchpriority=\"high\" decoding=\"async\" width=\"768\" height=\"432\" src=\"https:\/\/ej-group.com\/wp-content\/uploads\/2025\/11\/Hero-768x432.webp\" class=\"attachment-medium_large size-medium_large wp-image-12845\" alt=\"\" srcset=\"https:\/\/ej-group.com\/wp-content\/uploads\/2025\/11\/Hero-768x432.webp 768w, https:\/\/ej-group.com\/wp-content\/uploads\/2025\/11\/Hero-300x169.webp 300w, https:\/\/ej-group.com\/wp-content\/uploads\/2025\/11\/Hero-1536x864.webp 1536w, https:\/\/ej-group.com\/wp-content\/uploads\/2025\/11\/Hero-18x10.webp 18w, https:\/\/ej-group.com\/wp-content\/uploads\/2025\/11\/Hero-770x433.webp 770w, https:\/\/ej-group.com\/wp-content\/uploads\/2025\/11\/Hero.webp 1600w\" sizes=\"(max-width: 768px) 100vw, 768px\" \/>\n                            <\/div>\n                    <\/div><div class=\"eael-entry-wrapper\"><header class=\"eael-entry-header\"><h2 class=\"eael-entry-title\"><a class=\"eael-grid-post-link\" href=\"https:\/\/ej-group.com\/it\/blog\/prakticno-znanje-proizvodnja-enterijer-jankovic\/\" title=\"Visita alla produzione di Enterijer Jankovi\u0107: come gli studenti delle scuole tecniche acquisiscono conoscenze pratiche\">Visita alla produzione di Enterijer Jankovi\u0107: \ncome gli studenti delle scuole tecniche acquisiscono conoscenze pratiche<\/a><\/h2><\/header><div class=\"eael-entry-header-after style-two\"><div class=\"eael-entry-meta\"><\/div><\/div><\/div><\/div>\n    <\/div>\n<\/article><article class=\"eael-grid-post  eael-post-grid-column eael-pg-post-12041 category-dualno-obrazovanje\" data-id=\"12041\">\n    <div class=\"eael-grid-post-holder\">\n        <div class=\"eael-grid-post-holder-inner\"><div class=\"eael-entry-media\"><div class=\"eael-entry-overlay fade-in\"><i class=\"fas fa-long-arrow-alt-right\" aria-hidden=\"true\"><\/i><a href=\"https:\/\/ej-group.com\/it\/blog\/dualno-obrazovanje-spoj-tradicije-inovacije-i-buducnosti-mladih-strucnjaka\/\"><\/a><\/div><div class=\"eael-entry-thumbnail eael-image-ratio\">\n                            <img decoding=\"async\" width=\"768\" height=\"512\" src=\"https:\/\/ej-group.com\/wp-content\/uploads\/2025\/11\/Dualno-obrazovanje-1-768x512.webp\" class=\"attachment-medium_large size-medium_large wp-image-12008\" alt=\"\" srcset=\"https:\/\/ej-group.com\/wp-content\/uploads\/2025\/11\/Dualno-obrazovanje-1-768x512.webp 768w, https:\/\/ej-group.com\/wp-content\/uploads\/2025\/11\/Dualno-obrazovanje-1-300x200.webp 300w, https:\/\/ej-group.com\/wp-content\/uploads\/2025\/11\/Dualno-obrazovanje-1-1024x683.webp 1024w, https:\/\/ej-group.com\/wp-content\/uploads\/2025\/11\/Dualno-obrazovanje-1-18x12.webp 18w, https:\/\/ej-group.com\/wp-content\/uploads\/2025\/11\/Dualno-obrazovanje-1-750x500.webp 750w, https:\/\/ej-group.com\/wp-content\/uploads\/2025\/11\/Dualno-obrazovanje-1.webp 1200w\" sizes=\"(max-width: 768px) 100vw, 768px\" \/>\n                            <\/div>\n                    <\/div><div class=\"eael-entry-wrapper\"><header class=\"eael-entry-header\"><h2 class=\"eael-entry-title\"><a class=\"eael-grid-post-link\" href=\"https:\/\/ej-group.com\/it\/blog\/dualno-obrazovanje-spoj-tradicije-inovacije-i-buducnosti-mladih-strucnjaka\/\" title=\"Formazione in alternanza \u2013 l\u2019unione tra tradizione, innovazione e futuro dei giovani talenti\">Formazione in alternanza \u2013 l\u2019unione tra tradizione, innovazione e futuro dei giovani talenti<\/a><\/h2><\/header><div class=\"eael-entry-header-after style-two\"><div class=\"eael-entry-meta\"><\/div><\/div><\/div><\/div>\n    <\/div>\n<\/article><article class=\"eael-grid-post  eael-post-grid-column eael-pg-post-11959 category-industrija-4-0\" data-id=\"11959\">\n    <div class=\"eael-grid-post-holder\">\n        <div class=\"eael-grid-post-holder-inner\"><div class=\"eael-entry-media\"><div class=\"eael-entry-overlay fade-in\"><i class=\"fas fa-long-arrow-alt-right\" aria-hidden=\"true\"><\/i><a href=\"https:\/\/ej-group.com\/it\/blog\/prva-industrija-4-0-u-regionu\/\"><\/a><\/div><div class=\"eael-entry-thumbnail eael-image-ratio\">\n                            <img decoding=\"async\" width=\"768\" height=\"432\" src=\"https:\/\/ej-group.com\/wp-content\/uploads\/2026\/03\/Industrija-4-0-768x432.webp\" class=\"attachment-medium_large size-medium_large wp-image-12651\" alt=\"Ilustracija industrije 4.0\" srcset=\"https:\/\/ej-group.com\/wp-content\/uploads\/2026\/03\/Industrija-4-0-768x432.webp 768w, https:\/\/ej-group.com\/wp-content\/uploads\/2026\/03\/Industrija-4-0-300x169.webp 300w, https:\/\/ej-group.com\/wp-content\/uploads\/2026\/03\/Industrija-4-0-1024x576.webp 1024w, https:\/\/ej-group.com\/wp-content\/uploads\/2026\/03\/Industrija-4-0-1536x864.webp 1536w, https:\/\/ej-group.com\/wp-content\/uploads\/2026\/03\/Industrija-4-0-18x10.webp 18w, https:\/\/ej-group.com\/wp-content\/uploads\/2026\/03\/Industrija-4-0-770x433.webp 770w, https:\/\/ej-group.com\/wp-content\/uploads\/2026\/03\/Industrija-4-0.webp 1600w\" sizes=\"(max-width: 768px) 100vw, 768px\" \/>\n                            <\/div>\n                    <\/div><div class=\"eael-entry-wrapper\"><header class=\"eael-entry-header\"><h2 class=\"eael-entry-title\"><a class=\"eael-grid-post-link\" href=\"https:\/\/ej-group.com\/it\/blog\/prva-industrija-4-0-u-regionu\/\" title=\"Enterijer Jankovi\u0107 inaugura la prima fabbrica Industria 4.0 della regione\">Enterijer Jankovi\u0107 inaugura la prima fabbrica Industria 4.0 della regione<\/a><\/h2><\/header><div class=\"eael-entry-header-after style-two\"><div class=\"eael-entry-meta\"><\/div><\/div><\/div><\/div>\n    <\/div>\n<\/article><article class=\"eael-grid-post  eael-post-grid-column eael-pg-post-8991 category-alustone\" data-id=\"8991\">\n    <div class=\"eael-grid-post-holder\">\n        <div class=\"eael-grid-post-holder-inner\"><div class=\"eael-entry-media\"><div class=\"eael-entry-overlay fade-in\"><i class=\"fas fa-long-arrow-alt-right\" aria-hidden=\"true\"><\/i><a href=\"https:\/\/ej-group.com\/it\/blog\/alustone-strucnost-i-inovacija-u-sluzbi-savrsenstva-obrade-kamena\/\"><\/a><\/div><div class=\"eael-entry-thumbnail eael-image-ratio\">\n                            <img loading=\"lazy\" decoding=\"async\" width=\"768\" height=\"432\" src=\"https:\/\/ej-group.com\/wp-content\/uploads\/2026\/03\/Alustone-768x432.jpg\" class=\"attachment-medium_large size-medium_large wp-image-12652\" alt=\"Grupna slika tima proizvodnje kompanje AluStone\" srcset=\"https:\/\/ej-group.com\/wp-content\/uploads\/2026\/03\/Alustone-768x432.jpg 768w, https:\/\/ej-group.com\/wp-content\/uploads\/2026\/03\/Alustone-300x169.jpg 300w, https:\/\/ej-group.com\/wp-content\/uploads\/2026\/03\/Alustone-1536x864.jpg 1536w, https:\/\/ej-group.com\/wp-content\/uploads\/2026\/03\/Alustone-18x10.jpg 18w, https:\/\/ej-group.com\/wp-content\/uploads\/2026\/03\/Alustone-770x433.jpg 770w, https:\/\/ej-group.com\/wp-content\/uploads\/2026\/03\/Alustone.jpg 1600w\" sizes=\"(max-width: 768px) 100vw, 768px\" \/>\n                            <\/div>\n                    <\/div><div class=\"eael-entry-wrapper\"><header class=\"eael-entry-header\"><h2 class=\"eael-entry-title\"><a class=\"eael-grid-post-link\" href=\"https:\/\/ej-group.com\/it\/blog\/alustone-strucnost-i-inovacija-u-sluzbi-savrsenstva-obrade-kamena\/\" title=\"AluStone &#8211; Stru\u010dnost i inovacija u slu\u017ebi savr\u0161enstva obrade kamena\">AluStone \u2013 Competenza e innovazione al servizio dell\u2019eccellenza nella lavorazione della pietra<\/a><\/h2><\/header><div class=\"eael-entry-header-after style-two\"><div class=\"eael-entry-meta\"><\/div><\/div><\/div><\/div>\n    <\/div>\n<\/article><\/div>\n            <div class=\"clearfix\"><\/div>\n        <\/div>\t\t\t\t<\/div>\n\t\t\t\t<\/div>\n\t\t\t\t<div class=\"elementor-element elementor-element-cae632a elementor-hidden-desktop elementor-hidden-laptop elementor-hidden-tablet_extra elementor-hidden-tablet elementor-hidden-mobile_extra elementor-hidden-mobile elementor-widget elementor-widget-elementskit-blog-posts\" data-id=\"cae632a\" data-element_type=\"widget\" data-e-type=\"widget\" data-widget_type=\"elementskit-blog-posts.default\">\n\t\t\t\t<div class=\"elementor-widget-container\">\n\t\t\t\t\t<div class=\"ekit-wid-con\" >        <div id=\"post-items--cae632a\" class=\"row post-items\">\n                    <div class=\"col-md-12\">\n\n                                    <div class=\"elementskit-blog-block-post\">\n                        <div class=\"row no-gutters\">\n                                                            <div class=\"col-md-6 order-1\">\n                                    <a href=\"https:\/\/ej-group.com\/it\/blog\/prakticno-znanje-proizvodnja-enterijer-jankovic\/\" class=\"elementskit-entry-thumb\">\n                                        <img decoding=\"async\" src=\"https:\/\/ej-group.com\/wp-content\/uploads\/2025\/11\/Hero.webp\" alt=\"Visita alla produzione di Enterijer Jankovi\u0107: come gli studenti delle scuole tecniche acquisiscono conoscenze pratiche\">\n                                    <\/a><!-- .elementskit-entry-thumb END -->\n                                <\/div>\n                            \n                            <div class=\"col-md-6 order-2\">\n                                <div class=\"elementskit-post-body\">\n                                    <div class=\"elementskit-entry-header\">\n                                        \n                                            \n                                                                                            \t\t\t\t<h2 class=\"entry-title\">\n\t\t\t\t\t<a href=\"https:\/\/ej-group.com\/it\/blog\/prakticno-znanje-proizvodnja-enterijer-jankovic\/\">\n\t\t\t\t\t\tVisita alla produzione di Enterijer Jankovi\u0107: \ncome gli studenti delle scuole tecniche acquisiscono conoscenze pratiche\t\t\t\t\t<\/a>\n\t\t\t\t<\/h2>\n\t\t\t                                            \n                                                                                <\/div><!-- .elementskit-entry-header END -->\n\n                                                                    <\/div><!-- .elementskit-post-body END -->\n                            <\/div>\n                        <\/div>\n                    <\/div><!-- .elementskit-blog-block-post .radius .gradient-bg END -->\n                \n            <\/div>\n                    <div class=\"col-md-12\">\n\n                                    <div class=\"elementskit-blog-block-post\">\n                        <div class=\"row no-gutters\">\n                                                            <div class=\"col-md-6 order-1\">\n                                    <a href=\"https:\/\/ej-group.com\/it\/blog\/dualno-obrazovanje-spoj-tradicije-inovacije-i-buducnosti-mladih-strucnjaka\/\" class=\"elementskit-entry-thumb\">\n                                        <img decoding=\"async\" src=\"https:\/\/ej-group.com\/wp-content\/uploads\/2025\/11\/Dualno-obrazovanje-1-1024x683.webp\" alt=\"Formazione in alternanza \u2013 l\u2019unione tra tradizione, innovazione e futuro dei giovani talenti\">\n                                    <\/a><!-- .elementskit-entry-thumb END -->\n                                <\/div>\n                            \n                            <div class=\"col-md-6 order-2\">\n                                <div class=\"elementskit-post-body\">\n                                    <div class=\"elementskit-entry-header\">\n                                        \n                                            \n                                                                                            \t\t\t\t<h2 class=\"entry-title\">\n\t\t\t\t\t<a href=\"https:\/\/ej-group.com\/it\/blog\/dualno-obrazovanje-spoj-tradicije-inovacije-i-buducnosti-mladih-strucnjaka\/\">\n\t\t\t\t\t\tFormazione in alternanza \u2013 l\u2019unione tra tradizione, innovazione e futuro dei giovani talenti\t\t\t\t\t<\/a>\n\t\t\t\t<\/h2>\n\t\t\t                                            \n                                                                                <\/div><!-- .elementskit-entry-header END -->\n\n                                                                    <\/div><!-- .elementskit-post-body END -->\n                            <\/div>\n                        <\/div>\n                    <\/div><!-- .elementskit-blog-block-post .radius .gradient-bg END -->\n                \n            <\/div>\n                    <div class=\"col-md-12\">\n\n                                    <div class=\"elementskit-blog-block-post\">\n                        <div class=\"row no-gutters\">\n                                                            <div class=\"col-md-6 order-1\">\n                                    <a href=\"https:\/\/ej-group.com\/it\/blog\/prva-industrija-4-0-u-regionu\/\" class=\"elementskit-entry-thumb\">\n                                        <img decoding=\"async\" src=\"https:\/\/ej-group.com\/wp-content\/uploads\/2026\/03\/Industrija-4-0-1024x576.webp\" alt=\"Enterijer Jankovi\u0107 inaugura la prima fabbrica Industria 4.0 della regione\">\n                                    <\/a><!-- .elementskit-entry-thumb END -->\n                                <\/div>\n                            \n                            <div class=\"col-md-6 order-2\">\n                                <div class=\"elementskit-post-body\">\n                                    <div class=\"elementskit-entry-header\">\n                                        \n                                            \n                                                                                            \t\t\t\t<h2 class=\"entry-title\">\n\t\t\t\t\t<a href=\"https:\/\/ej-group.com\/it\/blog\/prva-industrija-4-0-u-regionu\/\">\n\t\t\t\t\t\tEnterijer Jankovi\u0107 inaugura la prima fabbrica Industria 4.0 della regione\t\t\t\t\t<\/a>\n\t\t\t\t<\/h2>\n\t\t\t                                            \n                                                                                <\/div><!-- .elementskit-entry-header END -->\n\n                                                                    <\/div><!-- .elementskit-post-body END -->\n                            <\/div>\n                        <\/div>\n                    <\/div><!-- .elementskit-blog-block-post .radius .gradient-bg END -->\n                \n            <\/div>\n                    <div class=\"col-md-12\">\n\n                                    <div class=\"elementskit-blog-block-post\">\n                        <div class=\"row no-gutters\">\n                                                            <div class=\"col-md-6 order-1\">\n                                    <a href=\"https:\/\/ej-group.com\/it\/blog\/alustone-strucnost-i-inovacija-u-sluzbi-savrsenstva-obrade-kamena\/\" class=\"elementskit-entry-thumb\">\n                                        <img decoding=\"async\" src=\"https:\/\/ej-group.com\/wp-content\/uploads\/2026\/03\/Alustone.jpg\" alt=\"AluStone &#8211; Stru\u010dnost i inovacija u slu\u017ebi savr\u0161enstva obrade kamena\">\n                                    <\/a><!-- .elementskit-entry-thumb END -->\n                                <\/div>\n                            \n                            <div class=\"col-md-6 order-2\">\n                                <div class=\"elementskit-post-body\">\n                                    <div class=\"elementskit-entry-header\">\n                                        \n                                            \n                                                                                            \t\t\t\t<h2 class=\"entry-title\">\n\t\t\t\t\t<a href=\"https:\/\/ej-group.com\/it\/blog\/alustone-strucnost-i-inovacija-u-sluzbi-savrsenstva-obrade-kamena\/\">\n\t\t\t\t\t\tAluStone \u2013 Competenza e innovazione al servizio dell\u2019eccellenza nella lavorazione della pietra\t\t\t\t\t<\/a>\n\t\t\t\t<\/h2>\n\t\t\t                                            \n                                                                                <\/div><!-- .elementskit-entry-header END -->\n\n                                                                    <\/div><!-- .elementskit-post-body END -->\n                            <\/div>\n                        <\/div>\n                    <\/div><!-- .elementskit-blog-block-post .radius .gradient-bg END -->\n                \n            <\/div>\n                <\/div>\n       <\/div>\t\t\t\t<\/div>\n\t\t\t\t<\/div>\n\t\t\t\t<\/div>\n\t\t\t\t<\/div>","protected":false},"excerpt":{"rendered":"<p>blog Najnovije iz na\u0161eg bloga mo\u017eete pogledati ovde Obilazak proizvodnje Enterijera Jankovi\u0107: Kako u\u010denici tehni\u010dkih \u0161kola sti\u010du prakti\u010dno znanje Dualno obrazovanje \u2013 spoj tradicije, inovacije i budu\u0107nosti mladih stru\u010dnjaka Enterijer Jankovi\u0107 otvara prvu fabriku industrije 4.0 u regionu AluStone &#8211; Stru\u010dnost i inovacija u slu\u017ebi savr\u0161enstva obrade kamena Obilazak proizvodnje Enterijera Jankovi\u0107: Kako u\u010denici tehni\u010dkih [&hellip;]<\/p>\n","protected":false},"author":1,"featured_media":0,"parent":0,"menu_order":0,"comment_status":"closed","ping_status":"closed","template":"","meta":{"footnotes":""},"class_list":["post-7100","page","type-page","status-publish","hentry"],"_links":{"self":[{"href":"https:\/\/ej-group.com\/it\/wp-json\/wp\/v2\/pages\/7100","targetHints":{"allow":["GET"]}}],"collection":[{"href":"https:\/\/ej-group.com\/it\/wp-json\/wp\/v2\/pages"}],"about":[{"href":"https:\/\/ej-group.com\/it\/wp-json\/wp\/v2\/types\/page"}],"author":[{"embeddable":true,"href":"https:\/\/ej-group.com\/it\/wp-json\/wp\/v2\/users\/1"}],"replies":[{"embeddable":true,"href":"https:\/\/ej-group.com\/it\/wp-json\/wp\/v2\/comments?post=7100"}],"version-history":[{"count":0,"href":"https:\/\/ej-group.com\/it\/wp-json\/wp\/v2\/pages\/7100\/revisions"}],"wp:attachment":[{"href":"https:\/\/ej-group.com\/it\/wp-json\/wp\/v2\/media?parent=7100"}],"curies":[{"name":"wp","href":"https:\/\/api.w.org\/{rel}","templated":true}]}}